{"id":363,"date":"2019-07-16T06:03:01","date_gmt":"2019-07-16T06:03:01","guid":{"rendered":"https:\/\/arilewp-pro.themearile.com\/?page_id=363"},"modified":"2026-04-05T13:01:57","modified_gmt":"2026-04-05T11:01:57","slug":"about-one","status":"publish","type":"page","link":"https:\/\/nkezefuu.com\/?page_id=363","title":{"rendered":"About us"},"content":{"rendered":"<div class=\"row\">\n<div class=\"col-lg-6 col-md-6 col-sm-12\">\n<figure class=\"about-thumbnail\"><img decoding=\"async\" src=\"https:\/\/nkezefuu.com\/wp-content\/uploads\/2022\/04\/about2.png\" class=\"img-fluid\" alt=\"Appointech Pro - A Modern Multipurpose Business WordPress Theme\" \/><\/figure>\n<\/div>\n<div class=\"col-lg-6 col-md-6 col-sm-12 align-self-center\">\n<div class=\"theme-about-block\">\n<h6 class=\"text-default mb-2\"><b>Who We Are<\/b><\/h6>\n<h2 class=\"mb-3\">Qui sommes-nous ?<\/h2>\n<p>Nous sommes une soci\u00e9t\u00e9 coop\u00e9rative engag\u00e9e dans la cr\u00e9ation de valeur durable \u00e0 travers l\u2019investissement, l\u2019accompagnement entrepreneurial et la mutualisation des ressources.<br data-start=\"471\" data-end=\"474\" \/>Notre mission est de permettre \u00e0 chaque membre d\u2019acc\u00e9der \u00e0 des opportunit\u00e9s \u00e9conomiques concr\u00e8tes, tout en b\u00e9n\u00e9ficiant d\u2019un cadre structur\u00e9, s\u00e9curis\u00e9 et collaboratif.<\/p>\n<div class=\"pt-3\"><a href=\"#\" class=\"btn-small btn-default-dark\">Try It Now<\/a><\/div>\n<\/div>\n<\/div>\n<\/div>\n<div class=\"row\">\n<div class=\"col-lg-6 col-md-6 col-sm-12\">\n<figure class=\"about-thumbnail\"><img decoding=\"async\" src=\"https:\/\/nkezefuu.com\/wp-content\/uploads\/2022\/04\/about2.png\" class=\"img-fluid\" alt=\"Appointech Pro - A Modern Multipurpose Business WordPress Theme\" \/><\/figure>\n<\/div>\n<div class=\"col-lg-6 col-md-6 col-sm-12 align-self-center\">\n<div class=\"theme-about-block\">\n<h6 class=\"text-default mb-2\"><b>Who We Are<\/b><\/h6>\n<h2 class=\"mb-3\">Notre vision<\/h2>\n<p data-start=\"668\" data-end=\"725\">Construire un \u00e9cosyst\u00e8me solide o\u00f9 chaque membre peut :<\/p>\n<ul data-start=\"726\" data-end=\"859\">\n<li data-section-id=\"l5zpxe\" data-start=\"726\" data-end=\"753\">Investir intelligemment<\/li>\n<li data-section-id=\"1hv8i87\" data-start=\"754\" data-end=\"790\">Entreprendre avec accompagnement<\/li>\n<li data-section-id=\"al7zor\" data-start=\"791\" data-end=\"828\">Acc\u00e9der facilement au financement<\/li>\n<li data-section-id=\"1bsxnyt\" data-start=\"829\" data-end=\"859\">D\u00e9velopper ses comp\u00e9tences<\/li>\n<\/ul>\n<p data-start=\"861\" data-end=\"982\">Nous croyons fermement que la r\u00e9ussite collective est le levier le plus puissant pour acc\u00e9l\u00e9rer la r\u00e9ussite individuelle.<\/p>\n<div class=\"pt-3\"><a href=\"#\" class=\"btn-small btn-default-dark\">Try It Now<\/a><\/div>\n<\/div>\n<\/div>\n<\/div>\n<div class=\"row\">\n<div class=\"col-lg-6 col-md-6 col-sm-12\">\n<figure class=\"about-thumbnail\"><img decoding=\"async\" src=\"https:\/\/nkezefuu.com\/wp-content\/uploads\/2022\/04\/about2.png\" class=\"img-fluid\" alt=\"Appointech Pro - A Modern Multipurpose Business WordPress Theme\" \/><\/figure>\n<\/div>\n<div class=\"col-lg-6 col-md-6 col-sm-12 align-self-center\">\n<div class=\"theme-about-block\">\n<h6 class=\"text-default mb-2\"><b>Who We Are<\/b><\/h6>\n<h2 class=\"mb-3\">Notre mission<\/h2>\n<ul>\n<li data-section-id=\"2arp9r\" data-start=\"1011\" data-end=\"1056\">Faciliter l\u2019acc\u00e8s \u00e0 des projets rentables<\/li>\n<li data-section-id=\"178us4r\" data-start=\"1057\" data-end=\"1118\">Financer et accompagner les initiatives entrepreneuriales<\/li>\n<li data-section-id=\"1665tl8\" data-start=\"1119\" data-end=\"1201\">Offrir des services professionnels de qualit\u00e9 (ERP, audit, conseil, fiscalit\u00e9)<\/li>\n<li data-section-id=\"11s1hsh\" data-start=\"1202\" data-end=\"1267\">Renforcer les comp\u00e9tences de nos membres gr\u00e2ce \u00e0 la formation<\/li>\n<\/ul>\n<div class=\"pt-3\"><a href=\"#\" class=\"btn-small btn-default-dark\">Try It Now<\/a><\/div>\n<\/div>\n<\/div>\n<\/div>\n<div class=\"row\">\n<div class=\"col-lg-6 col-md-6 col-sm-12\">\n<figure class=\"about-thumbnail\"><img decoding=\"async\" src=\"https:\/\/nkezefuu.com\/wp-content\/uploads\/2022\/04\/about2.png\" class=\"img-fluid\" alt=\"Appointech Pro - A Modern Multipurpose Business WordPress Theme\" \/><\/figure>\n<\/div>\n<div class=\"col-lg-6 col-md-6 col-sm-12 align-self-center\">\n<div class=\"theme-about-block\">\n<h6 class=\"text-default mb-2\"><b>Who We Are<\/b><\/h6>\n<h2 class=\"mb-3\">Nos valeurs<\/h2>\n<p><strong data-start=\"1294\" data-end=\"1308\">Solidarit\u00e9<\/strong> \u2013 Nous avan\u00e7ons ensemble<br data-start=\"1333\" data-end=\"1336\" \/><strong data-start=\"1336\" data-end=\"1350\">Excellence<\/strong> \u2013 Nous visons des r\u00e9sultats concrets et mesurables<br data-start=\"1401\" data-end=\"1404\" \/><strong data-start=\"1404\" data-end=\"1420\">Transparence<\/strong> \u2013 Une gestion claire et accessible \u00e0 tous<br data-start=\"1462\" data-end=\"1465\" \/><strong data-start=\"1465\" data-end=\"1479\">Innovation<\/strong> \u2013 Nous adoptons des solutions modernes pour rester comp\u00e9titifs<\/p>\n<div class=\"pt-3\"><a href=\"#\" class=\"btn-small btn-default-dark\">Try It Now<\/a><\/div>\n<\/div>\n<\/div>\n<\/div>\n<div class=\"row\">\n<div class=\"col-lg-6 col-md-6 col-sm-12\">\n<figure class=\"about-thumbnail\"><img decoding=\"async\" src=\"https:\/\/nkezefuu.com\/wp-content\/uploads\/2022\/04\/about2.png\" class=\"img-fluid\" alt=\"Appointech Pro - A Modern Multipurpose Business WordPress Theme\" \/><\/figure>\n<\/div>\n<div class=\"col-lg-6 col-md-6 col-sm-12 align-self-center\">\n<div class=\"theme-about-block\">\n<h6 class=\"text-default mb-2\"><b>Who We Are<\/b><\/h6>\n<h2 class=\"mb-3\">Pourquoi nous rejoindre ?<\/h2>\n<p data-start=\"1585\" data-end=\"1671\">Rejoindre notre coop\u00e9rative, c\u2019est int\u00e9grer un r\u00e9seau dynamique qui vous permet de :<\/p>\n<ul data-start=\"1672\" data-end=\"1855\">\n<li data-section-id=\"iezaem\" data-start=\"1672\" data-end=\"1725\">G\u00e9n\u00e9rer des revenus \u00e0 travers des projets fiables<\/li>\n<li data-section-id=\"8x4nkg\" data-start=\"1726\" data-end=\"1764\">Acc\u00e9der \u00e0 des financements rapides<\/li>\n<li data-section-id=\"1py44l6\" data-start=\"1765\" data-end=\"1811\">B\u00e9n\u00e9ficier d\u2019un accompagnement strat\u00e9gique<\/li>\n<li data-section-id=\"j4oqxx\" data-start=\"1812\" data-end=\"1855\">D\u00e9velopper vos comp\u00e9tences gratuitement<\/li>\n<\/ul>\n<p data-start=\"1857\" data-end=\"1950\">\ud83d\udc49 <strong data-start=\"1860\" data-end=\"1950\">Ici, vous n\u2019\u00eates pas seul : vous \u00e9voluez dans un \u00e9cosyst\u00e8me con\u00e7u pour votre r\u00e9ussite.<\/strong><\/p>\n<div class=\"pt-3\"><a href=\"#\" class=\"btn-small btn-default-dark\">Try It Now<\/a><\/div>\n<\/div>\n<\/div>\n<\/div>\n","protected":false},"excerpt":{"rendered":"<p>Who We Are Qui sommes-nous ? Nous sommes une soci\u00e9t\u00e9 coop\u00e9rative engag\u00e9e dans la cr\u00e9ation de valeur durable \u00e0 travers l\u2019investissement, l\u2019accompagnement entrepreneurial et la mutualisation des ressources.Notre mission est de permettre \u00e0 chaque membre d\u2019acc\u00e9der \u00e0 des opportunit\u00e9s \u00e9conomiques concr\u00e8tes, tout en b\u00e9n\u00e9ficiant d\u2019un cadre structur\u00e9, s\u00e9curis\u00e9 et collaboratif. Try It Now Who We [&hellip;]<\/p>\n","protected":false},"author":1,"featured_media":0,"parent":0,"menu_order":0,"comment_status":"closed","ping_status":"closed","template":"page-templates\/about-one.php","meta":{"_monsterinsights_skip_tracking":false,"_monsterinsights_sitenote_active":false,"_monsterinsights_sitenote_note":"","_monsterinsights_sitenote_category":0,"footnotes":""},"class_list":["post-363","page","type-page","status-publish","hentry"],"aioseo_notices":[],"_links":{"self":[{"href":"https:\/\/nkezefuu.com\/index.php?rest_route=\/wp\/v2\/pages\/363","targetHints":{"allow":["GET"]}}],"collection":[{"href":"https:\/\/nkezefuu.com\/index.php?rest_route=\/wp\/v2\/pages"}],"about":[{"href":"https:\/\/nkezefuu.com\/index.php?rest_route=\/wp\/v2\/types\/page"}],"author":[{"embeddable":true,"href":"https:\/\/nkezefuu.com\/index.php?rest_route=\/wp\/v2\/users\/1"}],"replies":[{"embeddable":true,"href":"https:\/\/nkezefuu.com\/index.php?rest_route=%2Fwp%2Fv2%2Fcomments&post=363"}],"version-history":[{"count":14,"href":"https:\/\/nkezefuu.com\/index.php?rest_route=\/wp\/v2\/pages\/363\/revisions"}],"predecessor-version":[{"id":1325,"href":"https:\/\/nkezefuu.com\/index.php?rest_route=\/wp\/v2\/pages\/363\/revisions\/1325"}],"wp:attachment":[{"href":"https:\/\/nkezefuu.com\/index.php?rest_route=%2Fwp%2Fv2%2Fmedia&parent=363"}],"curies":[{"name":"wp","href":"https:\/\/api.w.org\/{rel}","templated":true}]}}